{"id":2220,"date":"2022-08-05T16:06:09","date_gmt":"2022-08-05T19:06:09","guid":{"rendered":"https:\/\/casasefora.com.br\/?page_id=2220"},"modified":"2022-09-19T18:51:08","modified_gmt":"2022-09-19T21:51:08","slug":"sefora","status":"publish","type":"page","link":"https:\/\/casasefora.com.br\/index.php\/sefora\/","title":{"rendered":"Quem Somos"},"content":{"rendered":"\t\t<div data-elementor-type=\"wp-page\" data-elementor-id=\"2220\" class=\"elementor elementor-2220\" data-elementor-post-type=\"page\">\n\t\t\t\t\t\t<section class=\"elementor-section elementor-top-section elementor-element elementor-element-263c81bd elementor-section-boxed elementor-section-height-default elementor-section-height-default\" data-id=\"263c81bd\" data-element_type=\"section\">\n\t\t\t\t\t\t<div class=\"elementor-container elementor-column-gap-default\">\n\t\t\t\t\t<div class=\"elementor-column elementor-col-100 elementor-top-column elementor-element elementor-element-266f2d76\" data-id=\"266f2d76\" data-element_type=\"column\">\n\t\t\t<div class=\"elementor-widget-wrap elementor-element-populated\">\n\t\t\t\t\t\t<div class=\"elementor-element elementor-element-1fb0b817 elementor-widget elementor-widget-text-editor\" data-id=\"1fb0b817\" data-element_type=\"widget\" data-widget_type=\"text-editor.default\">\n\t\t\t\t<div class=\"elementor-widget-container\">\n\t\t\t<style>\/*! elementor - v3.21.0 - 08-05-2024 *\/\n.elementor-widget-text-editor.elementor-drop-cap-view-stacked .elementor-drop-cap{background-color:#69727d;color:#fff}.elementor-widget-text-editor.elementor-drop-cap-view-framed .elementor-drop-cap{color:#69727d;border:3px solid;background-color:transparent}.elementor-widget-text-editor:not(.elementor-drop-cap-view-default) .elementor-drop-cap{margin-top:8px}.elementor-widget-text-editor:not(.elementor-drop-cap-view-default) .elementor-drop-cap-letter{width:1em;height:1em}.elementor-widget-text-editor .elementor-drop-cap{float:left;text-align:center;line-height:1;font-size:50px}.elementor-widget-text-editor .elementor-drop-cap-letter{display:inline-block}<\/style>\t\t\t\t<!-- wp:paragraph -->\n<p>S\u00e9fora nasceu em Baixa Verde. A vida a levou a morar em um patronato em Natal. Sozinha, trabalhando no Banco do Povo, via s\u00f3 uma janela ao lado da cama. E sonhava que um dia teria uma casa cheia de verde, com espa\u00e7o para toda sua fam\u00edlia e amigos, que iam ser muitos.<\/p>\n<p>Casou-se com Emmanuel. Esp\u00edrito inquieto, inteligente, generoso, levou S\u00e9fora a conhecer o Brasil e o mundo. Um amor profundo e bonito, que gerou tr\u00eas filhos, cada um em um pa\u00eds diferente.<\/p>\n<p>Vinte anos depois, vi\u00fava, com tr\u00eas filhos menores de sete anos, S\u00e9fora materializou seu sonho. Sozinha, construiu uma casa que ia contra o que ditavam os arquitetos e engenheiros da \u00e9poca, do telhado aos c\u00f4modos. Cercada de grama, roseiras, \u00e1rvores, um quintal com caj\u00e1 manga, goiaba, caju, seriguela e uma mangueira plantada de um caro\u00e7o da manga mais doce que j\u00e1 havia comido.<br \/><br \/>Crescemos aqui, no sonho de nossa m\u00e3e. N\u00e3o lembramos de almo\u00e7ar um \u00fanico dia sem algu\u00e9m sentado \u00e0 mesa que n\u00e3o morava conosco. Primos, amigos, agregados, palco de todas as festas da fam\u00edlia, morada final de tantos queridos, nunca faltou um prato de comida, um ouvido emp\u00e1tico e ajuda de todo tipo a quem batia em nossa porta.<\/p>\n<p>Criamos a Casa S\u00e9fora para perpetuar sua mem\u00f3ria, seu sonho e seu legado. Acolhemos quem nos procura, promovemos eventos e oferecemos servi\u00e7os, apoiamos o compartilhamento de ideias e ativos. Fomentamos neg\u00f3cios de impacto socioambiental, pois fomos criados para deixar o mundo melhor do que encontramos.<br \/><br \/>Venha partilhar de um sonho que se perpetua.<\/p>\n<p>Venha, traga sua fam\u00edlia e seus neg\u00f3cios, para uma casa linda, gostosa de estar, de onde voc\u00ea sempre sai melhor do que entrou.<\/p>\n<!-- \/wp:paragraph -->\t\t\t\t\t\t<\/div>\n\t\t\t\t<\/div>\n\t\t\t\t\t<\/div>\n\t\t<\/div>\n\t\t\t\t\t<\/div>\n\t\t<\/section>\n\t\t\t\t<section class=\"elementor-section elementor-top-section elementor-element elementor-element-037b14d elementor-section-boxed elementor-section-height-default elementor-section-height-default\" data-id=\"037b14d\" data-element_type=\"section\">\n\t\t\t\t\t\t<div class=\"elementor-container elementor-column-gap-default\">\n\t\t\t\t\t<div class=\"elementor-column elementor-col-33 elementor-top-column elementor-element elementor-element-88c7301\" data-id=\"88c7301\" data-element_type=\"column\">\n\t\t\t<div class=\"elementor-widget-wrap elementor-element-populated\">\n\t\t\t\t\t\t<div class=\"elementor-element elementor-element-e2b4107 elementor-widget elementor-widget-image\" data-id=\"e2b4107\" data-element_type=\"widget\" data-widget_type=\"image.default\">\n\t\t\t\t<div class=\"elementor-widget-container\">\n\t\t\t<style>\/*! elementor - v3.21.0 - 08-05-2024 *\/\n.elementor-widget-image{text-align:center}.elementor-widget-image a{display:inline-block}.elementor-widget-image a img[src$=\".svg\"]{width:48px}.elementor-widget-image img{vertical-align:middle;display:inline-block}<\/style>\t\t\t\t\t\t\t\t\t\t<img fetchpriority=\"high\" decoding=\"async\" width=\"505\" height=\"517\" src=\"https:\/\/casasefora.com.br\/wp-content\/uploads\/2022\/08\/Captura-de-Tela-2022-08-24-a\u0300s-17.00.00.png\" class=\"attachment-large size-large wp-image-2302\" alt=\"\" srcset=\"https:\/\/casasefora.com.br\/wp-content\/uploads\/2022\/08\/Captura-de-Tela-2022-08-24-a\u0300s-17.00.00.png 505w, https:\/\/casasefora.com.br\/wp-content\/uploads\/2022\/08\/Captura-de-Tela-2022-08-24-a\u0300s-17.00.00-293x300.png 293w\" sizes=\"(max-width: 505px) 100vw, 505px\" \/>\t\t\t\t\t\t\t\t\t\t\t\t\t<\/div>\n\t\t\t\t<\/div>\n\t\t\t\t\t<\/div>\n\t\t<\/div>\n\t\t\t\t<div class=\"elementor-column elementor-col-33 elementor-top-column elementor-element elementor-element-d391050\" data-id=\"d391050\" data-element_type=\"column\">\n\t\t\t<div class=\"elementor-widget-wrap elementor-element-populated\">\n\t\t\t\t\t\t<div class=\"elementor-element elementor-element-afac871 elementor-widget elementor-widget-image\" data-id=\"afac871\" data-element_type=\"widget\" data-widget_type=\"image.default\">\n\t\t\t\t<div class=\"elementor-widget-container\">\n\t\t\t\t\t\t\t\t\t\t\t\t\t<img decoding=\"async\" width=\"505\" height=\"517\" src=\"https:\/\/casasefora.com.br\/wp-content\/uploads\/2022\/08\/Captura-de-Tela-2022-08-24-a\u0300s-17.25.21.png\" class=\"attachment-large size-large wp-image-2308\" alt=\"\" srcset=\"https:\/\/casasefora.com.br\/wp-content\/uploads\/2022\/08\/Captura-de-Tela-2022-08-24-a\u0300s-17.25.21.png 505w, https:\/\/casasefora.com.br\/wp-content\/uploads\/2022\/08\/Captura-de-Tela-2022-08-24-a\u0300s-17.25.21-293x300.png 293w\" sizes=\"(max-width: 505px) 100vw, 505px\" \/>\t\t\t\t\t\t\t\t\t\t\t\t\t<\/div>\n\t\t\t\t<\/div>\n\t\t\t\t\t<\/div>\n\t\t<\/div>\n\t\t\t\t<div class=\"elementor-column elementor-col-33 elementor-top-column elementor-element elementor-element-7e8821e\" data-id=\"7e8821e\" data-element_type=\"column\">\n\t\t\t<div class=\"elementor-widget-wrap elementor-element-populated\">\n\t\t\t\t\t\t<div class=\"elementor-element elementor-element-3ae59c2 elementor-widget elementor-widget-image\" data-id=\"3ae59c2\" data-element_type=\"widget\" data-widget_type=\"image.default\">\n\t\t\t\t<div class=\"elementor-widget-container\">\n\t\t\t\t\t\t\t\t\t\t\t\t\t<img decoding=\"async\" width=\"505\" height=\"517\" src=\"https:\/\/casasefora.com.br\/wp-content\/uploads\/2022\/08\/Captura-de-Tela-2022-08-24-a\u0300s-17.13.29.png\" class=\"attachment-large size-large wp-image-2304\" alt=\"\" srcset=\"https:\/\/casasefora.com.br\/wp-content\/uploads\/2022\/08\/Captura-de-Tela-2022-08-24-a\u0300s-17.13.29.png 505w, https:\/\/casasefora.com.br\/wp-content\/uploads\/2022\/08\/Captura-de-Tela-2022-08-24-a\u0300s-17.13.29-293x300.png 293w\" sizes=\"(max-width: 505px) 100vw, 505px\" \/>\t\t\t\t\t\t\t\t\t\t\t\t\t<\/div>\n\t\t\t\t<\/div>\n\t\t\t\t\t<\/div>\n\t\t<\/div>\n\t\t\t\t\t<\/div>\n\t\t<\/section>\n\t\t\t\t<\/div>\n\t\t","protected":false},"excerpt":{"rendered":"<p>S\u00e9fora nasceu em Baixa Verde. A vida a levou a morar em um patronato em Natal. Sozinha, trabalhando no Banco do Povo, via s\u00f3 uma janela ao lado da cama. E sonhava que um dia teria uma casa cheia de verde, com espa\u00e7o para toda sua fam\u00edlia e amigos, que iam ser muitos. Casou-se com [&hellip;]<\/p>\n","protected":false},"author":1,"featured_media":0,"parent":0,"menu_order":0,"comment_status":"closed","ping_status":"closed","template":"","meta":{"_monsterinsights_skip_tracking":false,"_monsterinsights_sitenote_active":false,"_monsterinsights_sitenote_note":"","_monsterinsights_sitenote_category":0,"footnotes":""},"class_list":["post-2220","page","type-page","status-publish","hentry"],"aioseo_notices":[],"_links":{"self":[{"href":"https:\/\/casasefora.com.br\/index.php\/wp-json\/wp\/v2\/pages\/2220","targetHints":{"allow":["GET"]}}],"collection":[{"href":"https:\/\/casasefora.com.br\/index.php\/wp-json\/wp\/v2\/pages"}],"about":[{"href":"https:\/\/casasefora.com.br\/index.php\/wp-json\/wp\/v2\/types\/page"}],"author":[{"embeddable":true,"href":"https:\/\/casasefora.com.br\/index.php\/wp-json\/wp\/v2\/users\/1"}],"replies":[{"embeddable":true,"href":"https:\/\/casasefora.com.br\/index.php\/wp-json\/wp\/v2\/comments?post=2220"}],"version-history":[{"count":12,"href":"https:\/\/casasefora.com.br\/index.php\/wp-json\/wp\/v2\/pages\/2220\/revisions"}],"predecessor-version":[{"id":2394,"href":"https:\/\/casasefora.com.br\/index.php\/wp-json\/wp\/v2\/pages\/2220\/revisions\/2394"}],"wp:attachment":[{"href":"https:\/\/casasefora.com.br\/index.php\/wp-json\/wp\/v2\/media?parent=2220"}],"curies":[{"name":"wp","href":"https:\/\/api.w.org\/{rel}","templated":true}]}}